{"id":57,"date":"2025-01-27T17:39:28","date_gmt":"2025-01-27T17:39:28","guid":{"rendered":"https:\/\/www.bridgevergara.es\/?page_id=57"},"modified":"2025-01-27T17:40:48","modified_gmt":"2025-01-27T17:40:48","slug":"arbitros","status":"publish","type":"page","link":"https:\/\/www.bridgevergara.es\/?page_id=57","title":{"rendered":"\u00c1rbitros"},"content":{"rendered":"\n<figure class=\"wp-block-table\"><table class=\"has-fixed-layout\"><tbody><tr><td><\/td><td>Mart\u00ednez Garc\u00eda-Ciudad, Jos\u00e9 Miguel<\/td><td>2811041<\/td><td>Federaci\u00f3n<\/td><\/tr><tr><td><\/td><td>De Lorenzo , Juan Manuel<\/td><td>2811909<\/td><td>Federaci\u00f3n<\/td><\/tr><tr><td><\/td><td>Biritos Ortiz, Raquel<\/td><td>2811456<\/td><td>Territorial<\/td><\/tr><tr><td><\/td><td>Fuentes L\u00f3pez, Patricia<\/td><td>2813009<\/td><td>Territorial<\/td><\/tr><tr><td><\/td><td>Valdivieso Mart\u00ednez, Alejandro<\/td><td>2811970<\/td><td>Club<\/td><\/tr><tr><td><\/td><td>Muguerza Balesta, Marcela<\/td><td>2812236<\/td><td>Club<\/td><\/tr><tr><td><\/td><td>Rosety Blanco, Beatr\u00edz<\/td><td>2813261<\/td><td>Club<\/td><\/tr><tr><td><\/td><td>de la Lastra Moreno de Barreda, Jos\u00e9 Ram\u00f3n<\/td><td>2814950<\/td><td>Club<\/td><\/tr><\/tbody><\/table><\/figure>\n","protected":false},"excerpt":{"rendered":"<p>Mart\u00ednez Garc\u00eda-Ciudad, Jos\u00e9 Miguel 2811041 Federaci\u00f3n De Lorenzo , Juan Manuel 2811909 Federaci\u00f3n Biritos Ortiz, Raquel 2811456 Territorial Fuentes L\u00f3pez, Patricia 2813009 Territorial Valdivieso Mart\u00ednez, Alejandro 2811970 Club Muguerza Balesta, Marcela 2812236 Club Rosety Blanco, Beatr\u00edz 2813261 Club de la Lastra Moreno de Barreda, Jos\u00e9 Ram\u00f3n 2814950 Club<\/p>\n","protected":false},"author":1,"featured_media":0,"parent":0,"menu_order":0,"comment_status":"closed","ping_status":"closed","template":"","meta":{"footnotes":""},"class_list":["post-57","page","type-page","status-publish","hentry"],"_links":{"self":[{"href":"https:\/\/www.bridgevergara.es\/index.php?rest_route=\/wp\/v2\/pages\/57","targetHints":{"allow":["GET"]}}],"collection":[{"href":"https:\/\/www.bridgevergara.es\/index.php?rest_route=\/wp\/v2\/pages"}],"about":[{"href":"https:\/\/www.bridgevergara.es\/index.php?rest_route=\/wp\/v2\/types\/page"}],"author":[{"embeddable":true,"href":"https:\/\/www.bridgevergara.es\/index.php?rest_route=\/wp\/v2\/users\/1"}],"replies":[{"embeddable":true,"href":"https:\/\/www.bridgevergara.es\/index.php?rest_route=%2Fwp%2Fv2%2Fcomments&post=57"}],"version-history":[{"count":2,"href":"https:\/\/www.bridgevergara.es\/index.php?rest_route=\/wp\/v2\/pages\/57\/revisions"}],"predecessor-version":[{"id":59,"href":"https:\/\/www.bridgevergara.es\/index.php?rest_route=\/wp\/v2\/pages\/57\/revisions\/59"}],"wp:attachment":[{"href":"https:\/\/www.bridgevergara.es\/index.php?rest_route=%2Fwp%2Fv2%2Fmedia&parent=57"}],"curies":[{"name":"wp","href":"https:\/\/api.w.org\/{rel}","templated":true}]}}